{"id":8350,"date":"2025-12-12T03:44:11","date_gmt":"2025-12-11T19:44:11","guid":{"rendered":"https:\/\/www.lxbchip.com\/?page_id=8350"},"modified":"2026-04-09T02:16:09","modified_gmt":"2026-04-08T18:16:09","slug":"silergy","status":"publish","type":"page","link":"https:\/\/www.lxbchip.com\/de\/manufacturers\/silergy\/","title":{"rendered":"SILERGIE"},"content":{"rendered":"<div class=\"wpb-content-wrapper\"><div class=\"vc_row wpb_row vc_row-fluid vc_custom_1768800104178 wd-rs-696dbf566a791\"><div class=\"wpb_column vc_column_container vc_col-sm-12\"><div class=\"vc_column-inner\"><div class=\"wpb_wrapper\">\n\t\t<div id=\"wd-696de06b89e5d\" class=\"title-wrapper wd-wpb wd-set-mb reset-last-child  wd-rs-696de06b89e5d wd-title-color-default wd-title-style-default text-left  wd-underline-colored\">\n\t\t\t\n\t\t\t<div class=\"liner-continer\">\n\t\t\t\t<h2 class=\"woodmart-title-container title  wd-font-weight- wd-fontsize-xl\" >SILERGY Power Management ICs Vertriebspartner<\/h2>\n\t\t\t\t\t\t\t<\/div>\n\t\t\t\n\t\t\t\t\t\t\t<div class=\"title-after_title reset-last-child  wd-fontsize-s\">LXB Semicon vertreibt SILERGYs Mid- bis High-End Power Management ICs mit Originalbezug, stabiler Versorgung und vollst\u00e4ndiger R\u00fcckverfolgbarkeit f\u00fcr Industrie-, Consumer- und Automotive-Power-L\u00f6sungen.<\/div>\n\t\t\t\n\t\t\t\n\t\t<\/div>\n\t\t\n\t\t<\/div><\/div><\/div><\/div>\n<p>&nbsp;<\/p>\n<table width=\"2390\">\n<tbody>\n<tr>\n<td width=\"378\">Herstellerteil<\/td>\n<td width=\"85\">Datenblatt<\/td>\n<td width=\"113\">Hersteller<\/td>\n<td width=\"359\">Produkttyp<\/td>\n<td width=\"132\">Versorgungsspannung<\/td>\n<td width=\"293\">Analoge Eing\u00e4nge<\/td>\n<td width=\"227\">Interner Speicher<\/td>\n<td width=\"132\">Schnittstellen<\/td>\n<td width=\"142\">Verpackung \/ Montage<\/td>\n<td width=\"151\">Betriebstemperatur<\/td>\n<td width=\"378\">Zentrale Funktionen<\/td>\n<\/tr>\n<tr>\n<td><\/td>\n<td><\/td>\n<td><\/td>\n<td><\/td>\n<td><\/td>\n<td><\/td>\n<td><\/td>\n<td><\/td>\n<td><\/td>\n<td><\/td>\n<td><\/td>\n<\/tr>\n<tr>\n<td>MAX78630+PPM\/D00T<\/td>\n<td><\/td>\n<td>Silergy<\/td>\n<td>Mehrphasiger Energiemessprozessor<\/td>\n<td>3.0-3.6 V<\/td>\n<td>3 Spannung + 3 Strom (insgesamt 6)<\/td>\n<td>Flash: 8 KB, RAM: 1,5 KB<\/td>\n<td>I\u00b2C, SPI, UART<\/td>\n<td>32-Pin TQFN<\/td>\n<td>-40 \u00b0C bis +85 \u00b0C<\/td>\n<td>24-Bit-Messmodul f\u00fcr 3-Phasen-Systeme<\/td>\n<\/tr>\n<tr>\n<td>MAX78630+PPM\/D00T (doppelter Eintrag wird gleich behandelt)<\/td>\n<td><\/td>\n<td>Silergy<\/td>\n<td>Mehrphasiger Energiemessprozessor<\/td>\n<td>3.0-3.6 V<\/td>\n<td>3 Spannung + 3 Strom (insgesamt 6)<\/td>\n<td>Flash: 8 KB, RAM: 1,5 KB<\/td>\n<td>I\u00b2C, SPI, UART<\/td>\n<td>32-Pin TQFN<\/td>\n<td>-40 \u00b0C bis +85 \u00b0C<\/td>\n<td>24-Bit-Messmodul f\u00fcr 3-Phasen-Systeme<\/td>\n<\/tr>\n<tr>\n<td>MAX78630+PPM\/D00T (drittes Duplikat)<\/td>\n<td><\/td>\n<td>Silergy<\/td>\n<td>Mehrphasiger Energiemessprozessor<\/td>\n<td>3.0-3.6 V<\/td>\n<td>3 Spannung + 3 Strom (insgesamt 6)<\/td>\n<td>Flash: 8 KB, RAM: 1,5 KB<\/td>\n<td>I\u00b2C, SPI, UART<\/td>\n<td>32-Pin TQFN<\/td>\n<td>-40 \u00b0C bis +85 \u00b0C<\/td>\n<td>24-Bit-Messmodul f\u00fcr 3-Phasen-Systeme<\/td>\n<\/tr>\n<\/tbody>\n<\/table>\n<\/div>","protected":false},"excerpt":{"rendered":"<p>&nbsp; Mfr Part Datasheet Manufacturer Product Type Supply Voltage Analog Inputs Internal Memory Interfaces Package \/ Mount Operating Temp Key<\/p>","protected":false},"author":1,"featured_media":0,"parent":388,"menu_order":0,"comment_status":"closed","ping_status":"closed","template":"","meta":{"_acf_changed":false,"footnotes":""},"class_list":["post-8350","page","type-page","status-publish","hentry"],"acf":[],"aioseo_notices":[],"_links":{"self":[{"href":"https:\/\/www.lxbchip.com\/de\/wp-json\/wp\/v2\/pages\/8350","targetHints":{"allow":["GET"]}}],"collection":[{"href":"https:\/\/www.lxbchip.com\/de\/wp-json\/wp\/v2\/pages"}],"about":[{"href":"https:\/\/www.lxbchip.com\/de\/wp-json\/wp\/v2\/types\/page"}],"author":[{"embeddable":true,"href":"https:\/\/www.lxbchip.com\/de\/wp-json\/wp\/v2\/users\/1"}],"replies":[{"embeddable":true,"href":"https:\/\/www.lxbchip.com\/de\/wp-json\/wp\/v2\/comments?post=8350"}],"version-history":[{"count":0,"href":"https:\/\/www.lxbchip.com\/de\/wp-json\/wp\/v2\/pages\/8350\/revisions"}],"up":[{"embeddable":true,"href":"https:\/\/www.lxbchip.com\/de\/wp-json\/wp\/v2\/pages\/388"}],"wp:attachment":[{"href":"https:\/\/www.lxbchip.com\/de\/wp-json\/wp\/v2\/media?parent=8350"}],"curies":[{"name":"wp","href":"https:\/\/api.w.org\/{rel}","templated":true}]}}