{"id":7982,"date":"2025-12-10T09:27:04","date_gmt":"2025-12-10T01:27:04","guid":{"rendered":"https:\/\/www.lxbchip.com\/?page_id=7982"},"modified":"2025-12-20T16:50:23","modified_gmt":"2025-12-20T08:50:23","slug":"request-a-quote","status":"publish","type":"page","link":"https:\/\/www.lxbchip.com\/de\/request-a-quote\/","title":{"rendered":"Angebot anfordern"},"content":{"rendered":"<div class=\"wpb-content-wrapper\"><div class=\"vc_row wpb_row vc_row-fluid vc_custom_1765348825122 vc_row-o-content-middle vc_row-flex wd-rs-693915c310c82\"><div class=\"wpb_column vc_column_container vc_col-sm-6 vc_col-md-6 wd-rs-694659b312013\"><div class=\"vc_column-inner vc_custom_1766218183915\"><div class=\"wpb_wrapper\">\n\t\t<div id=\"wd-694659c94dc69\" class=\"title-wrapper wd-wpb wd-set-mb reset-last-child  wd-rs-694659c94dc69 wd-title-color-default wd-title-style-default text-left vc_custom_1766218204611 wd-underline-colored\">\n\t\t\t\n\t\t\t<div class=\"liner-continer\">\n\t\t\t\t<h4 class=\"woodmart-title-container title  wd-font-weight-300 wd-fontsize-m\" >Was wir liefern<\/h4>\n\t\t\t\t\t\t\t<\/div>\n\t\t\t\n\t\t\t\n\t\t\t\n\t\t<\/div>\n\t\t\n\t\t\t\t<div id=\"wd-6938f275dee35\" class=\"wd-text-block wd-wpb reset-last-child wd-rs-6938f275dee35 text-left wd-fontsize-custom vc_custom_1765340289968\">\n\t\t\t<p>Wir liefern eine breite Palette elektronischer Komponenten, darunter ICs, MCUs, FPGAs, ASICs, Dioden, Transistoren, MOSFETs, Power-Management-ICs, Sensoren, Steckverbinder, Module, passive Komponenten und vieles mehr.<\/p>\n\t\t<\/div>\n\t\t<div class=\"vc_row wpb_row vc_inner vc_row-fluid\"><div class=\"wpb_column vc_column_container vc_col-sm-4\"><div class=\"vc_column-inner\"><div class=\"wpb_wrapper\">\t\t\t<div class=\"info-box-wrapper\">\n\t\t\t\t<div id=\"wd-69391461d2326\" class=\"wd-rs-69391461d2326 wd-info-box wd-wpb text-center box-icon-align-top box-style- color-scheme- wd-bg-none\">\n\t\t\t\t\t\t\t\t\t\t\t<div class=\"box-icon-wrapper  box-with-icon box-icon-simple\">\n\t\t\t\t\t\t\t<div class=\"info-box-icon\">\n\n\t\t\t\t\t\t\t\n\t\t\t\t\t\t\t\t\t\t\t\t\t\t\t\t\t<div class=\"info-svg-wrapper\" style=\"width: 65px;height: 65px;\"><img decoding=\"async\"  src=\"https:\/\/www.lxbchip.com\/wp-content\/themes\/woodmart\/images\/lazy.svg\" data-src=\"https:\/\/www.lxbchip.com\/wp-content\/uploads\/2025\/12\/toys-shape-1.svg\" loading=\"lazy\" width=\"65\" height=\"65\"><\/div>\t\t\t\t\t\t\t\t\t\t\t\t\t\t\t\n\t\t\t\t\t\t\t<\/div>\n\t\t\t\t\t\t<\/div>\n\t\t\t\t\t\t\t\t\t\t<div class=\"info-box-content\">\n\t\t\t\t\t\t<h4 class=\"info-box-title title box-title-style-default wd-fontsize-m\">Echte Komponenten<\/h4>\t\t\t\t\t\t<div class=\"info-box-inner reset-last-child\"><p>100% r\u00fcckverfolgbare und echte Teile.<\/p>\n<\/div>\n\n\t\t\t\t\t\t\t\t\t\t\t<\/div>\n\n\t\t\t\t\t\n\t\t\t\t\t\t\t\t\t<\/div>\n\t\t\t<\/div>\n\t\t<\/div><\/div><\/div><div class=\"wpb_column vc_column_container vc_col-sm-4\"><div class=\"vc_column-inner\"><div class=\"wpb_wrapper\">\t\t\t<div class=\"info-box-wrapper\">\n\t\t\t\t<div id=\"wd-6938f498e298a\" class=\"wd-rs-6938f498e298a wd-info-box wd-wpb text-center box-icon-align-top box-style- color-scheme- wd-bg-none\">\n\t\t\t\t\t\t\t\t\t\t\t<div class=\"box-icon-wrapper  box-with-icon box-icon-simple\">\n\t\t\t\t\t\t\t<div class=\"info-box-icon\">\n\n\t\t\t\t\t\t\t\n\t\t\t\t\t\t\t\t\t\t\t\t\t\t\t\t\t<div class=\"info-svg-wrapper\" style=\"width: 65px;height: 65px;\"><img decoding=\"async\"  src=\"https:\/\/www.lxbchip.com\/wp-content\/themes\/woodmart\/images\/lazy.svg\" data-src=\"https:\/\/www.lxbchip.com\/wp-content\/uploads\/2025\/12\/toys-shape-2.svg\" loading=\"lazy\" width=\"65\" height=\"65\"><\/div>\t\t\t\t\t\t\t\t\t\t\t\t\t\t\t\n\t\t\t\t\t\t\t<\/div>\n\t\t\t\t\t\t<\/div>\n\t\t\t\t\t\t\t\t\t\t<div class=\"info-box-content\">\n\t\t\t\t\t\t<h4 class=\"info-box-title title box-title-style-default wd-fontsize-m\">Unterst\u00fctzung 24<\/h4>\t\t\t\t\t\t<div class=\"info-box-inner reset-last-child\"><p>Schnelles Angebot innerhalb von 24 Stunden. Globaler Versand Unterst\u00fctzung.<\/p>\n<\/div>\n\n\t\t\t\t\t\t\t\t\t\t\t<\/div>\n\n\t\t\t\t\t\n\t\t\t\t\t\t\t\t\t<\/div>\n\t\t\t<\/div>\n\t\t<\/div><\/div><\/div><div class=\"wpb_column vc_column_container vc_col-sm-4\"><div class=\"vc_column-inner\"><div class=\"wpb_wrapper\">\t\t\t<div class=\"info-box-wrapper\">\n\t\t\t\t<div id=\"wd-6939161860da5\" class=\"wd-rs-6939161860da5 wd-info-box wd-wpb text-center box-icon-align-top box-style- color-scheme- wd-bg-none\">\n\t\t\t\t\t\t\t\t\t\t\t<div class=\"box-icon-wrapper  box-with-icon box-icon-simple\">\n\t\t\t\t\t\t\t<div class=\"info-box-icon\">\n\n\t\t\t\t\t\t\t\n\t\t\t\t\t\t\t\t\t\t\t\t\t\t\t\t\t<div class=\"info-svg-wrapper\" style=\"width: 65px;height: 65px;\"><img decoding=\"async\"  src=\"https:\/\/www.lxbchip.com\/wp-content\/themes\/woodmart\/images\/lazy.svg\" data-src=\"https:\/\/www.lxbchip.com\/wp-content\/uploads\/2025\/12\/toys-shape-3.svg\" loading=\"lazy\" width=\"65\" height=\"65\"><\/div>\t\t\t\t\t\t\t\t\t\t\t\t\t\t\t\n\t\t\t\t\t\t\t<\/div>\n\t\t\t\t\t\t<\/div>\n\t\t\t\t\t\t\t\t\t\t<div class=\"info-box-content\">\n\t\t\t\t\t\t<h4 class=\"info-box-title title box-title-style-default wd-fontsize-m\">LXB Halbleiter<\/h4>\t\t\t\t\t\t<div class=\"info-box-inner reset-last-child\"><p>Umfangreiche Beschaffungsm\u00f6glichkeiten f\u00fcr Komponenten.<\/p>\n<\/div>\n\n\t\t\t\t\t\t\t\t\t\t\t<\/div>\n\n\t\t\t\t\t\n\t\t\t\t\t\t\t\t\t<\/div>\n\t\t\t<\/div>\n\t\t<\/div><\/div><\/div><\/div><\/div><\/div><\/div><div class=\"wpb_column vc_column_container vc_col-sm-6 wd-rs-6938f8b17ecf9\"><div class=\"vc_column-inner\"><div class=\"wpb_wrapper\"><div class=\"wpb_gallery wpb_content_element vc_clearfix vc_custom_1766220621869\" ><div class=\"wpb_wrapper\"><div class=\"wpb_gallery_slides wpb_flexslider flexslider_fade flexslider\" data-interval=\"3\" data-flex_fx=\"fade\"><ul class=\"slides\"><li><img decoding=\"async\" class=\"\" src=\"https:\/\/www.lxbchip.com\/wp-content\/themes\/woodmart\/images\/lazy.svg\" data-src=\"https:\/\/www.lxbchip.com\/wp-content\/uploads\/2025\/12\/151-400x220.jpg\" width=\"400\" height=\"220\" alt=\"151\" title=\"151\" loading=\"lazy\" \/><\/li><li><img decoding=\"async\" class=\"\" src=\"https:\/\/www.lxbchip.com\/wp-content\/themes\/woodmart\/images\/lazy.svg\" data-src=\"https:\/\/www.lxbchip.com\/wp-content\/uploads\/2025\/12\/fF4TVSNVf-400x220.jpg\" width=\"400\" height=\"220\" alt=\"fF4TVSNVf\" title=\"fF4TVSNVf\" loading=\"lazy\" \/><\/li><\/ul><\/div><\/div><\/div><\/div><\/div><\/div><\/div><div class=\"vc_row wpb_row vc_row-fluid\"><div class=\"wpb_column vc_column_container vc_col-sm-12\"><div class=\"vc_column-inner\"><div class=\"wpb_wrapper\">\n\t\t<div id=\"wd-6938f035a3cd3\" class=\"title-wrapper wd-wpb wd-set-mb reset-last-child  wd-rs-6938f035a3cd3 wd-title-color-gradient wd-title-style-default text-center vc_custom_1765339201515 wd-underline-colored\">\n\t\t\t\t\t\t\t\n\t\t\t\t<div class=\"title-subtitle  subtitle-color-gradient font-alt subtitle-style-default wd-font-weight- wd-fontsize-xs\">Schnelle Reaktion - kein Mindestbestellwert<\/div>\n\t\t\t\n\t\t\t<div class=\"liner-continer\">\n\t\t\t\t<h4 class=\"woodmart-title-container title  wd-font-weight-600 wd-fontsize-l\" style=\"background-image:-webkit-linear-gradient(left , rgb(60, 27, 59) , rgb(90, 55, 105) 33% , rgb(46, 76, 130) 66% , rgb(29, 28, 44) 100%);background-image:linear-gradient(to right , rgb(60, 27, 59) , rgb(90, 55, 105) 33% , rgb(46, 76, 130) 66% , rgb(29, 28, 44) 100%);;\">Angebot f\u00fcr elektronische Komponenten anfordern<\/h4>\n\t\t\t\t\t\t\t<\/div>\n\t\t\t\n\t\t\t\t\t\t\t<div class=\"title-after_title reset-last-child  wd-fontsize-xs\">Alle Teile werden von autorisierten H\u00e4ndlern mit r\u00fcckverfolgbarer Qualit\u00e4t bezogen.<\/div>\n\t\t\t\n\t\t\t\n\t\t<\/div>\n\t\t\n\t\t<\/div><\/div><\/div><\/div><div class=\"vc_row wpb_row vc_row-fluid vc_custom_1629893241850 vc_row-o-equal-height vc_row-flex wd-rs-6126327347fb2\"><div class=\"wpb_column vc_column_container vc_col-sm-6\"><div class=\"vc_column-inner vc_custom_1484657119633\"><div class=\"wpb_wrapper\">\t\t<div id=\"wd-69391169dfb9c\" class=\"wd-text-block wd-wpb reset-last-child wd-rs-69391169dfb9c text-left\">\n\t\t\t<h5>Wie kann ich den Stromverbrauch beurteilen?<\/h5>\n<p>Xilinx bietet <strong data-start=\"1947\" data-end=\"1972\">Power Estimator Werkzeuge<\/strong> (XPE) f\u00fcr eine genaue Bewertung. F\u00fcr ADSP-DSPs enthalten die Datenbl\u00e4tter typische und maximale Stromverbrauchswerte f\u00fcr verschiedene Betriebsmodi.<\/p>\n\t\t<\/div>\n\t\t\t\t<div id=\"wd-693911ad5165d\" class=\"wd-text-block wd-wpb reset-last-child wd-rs-693911ad5165d text-left\">\n\t\t\t<h5>Welcher Lebenszyklus und welche Unterst\u00fctzung wird f\u00fcr diese Ger\u00e4te erwartet?<\/h5>\n<p>Diese Produkte werden mit langfristigem Support von Xilinx und Analog Devices geliefert. Referenzdesigns, Anwendungshinweise und technischer Support werden bereitgestellt, um die Systemintegration und -optimierung zu unterst\u00fctzen.<\/p>\n\t\t<\/div>\n\t\t\t\t<div id=\"wd-693911e0cd6e2\" class=\"wd-text-block wd-wpb reset-last-child wd-rs-693911e0cd6e2 text-left\">\n\t\t\t<h5>Kann ich Muster oder technische Datenbl\u00e4tter anfordern?<\/h5>\n<p>Ja. Autorisierte Distributoren und Lieferanten bieten Datenbl\u00e4tter, Evaluierungsboards und Musterbestellungen an. Wir k\u00f6nnen Sie bei der Beschaffung und technischen Beratung unterst\u00fctzen, um die Kompatibilit\u00e4t mit Ihrem System sicherzustellen.<\/p>\n\t\t<\/div>\n\t\t<\/div><\/div><\/div><div class=\"wpb_column vc_column_container vc_col-sm-6\"><div class=\"vc_column-inner vc_custom_1484657123074\"><div class=\"wpb_wrapper\">\t\t<div id=\"wd-693911fabc211\" class=\"wd-text-block wd-wpb reset-last-child wd-rs-693911fabc211 text-left\">\n\t\t\t<h5>Was sind die wichtigsten Unterschiede zwischen den Serien XCKU, XCZU und XCVU?<\/h5>\n<p>XCKU-Serie: UltraScale FPGAs mit hoher Logikdichte, ideal f\u00fcr datenintensive Anwendungen.<\/p>\n<p>XCZU-Serie: Zynq UltraScale+ Bausteine, die FPGA-Fabric mit ARM-Prozessoren f\u00fcr Embedded-Anwendungen kombinieren.<\/p>\n<p>XCVU-Serie: Versal AI Core-Serie, die FPGA-, CPU- und KI-Engines f\u00fcr High-End-KI-, 5G- und Rechenzentrumsanwendungen integriert.<\/p>\n\t\t<\/div>\n\t\t\t\t<div id=\"wd-6939125c32a7f\" class=\"wd-text-block wd-wpb reset-last-child wd-rs-6939125c32a7f text-left\">\n\t\t\t<h5>Wof\u00fcr werden diese FPGA- und DSP-Modelle verwendet?<\/h5>\n<p>Diese Xilinx-FPGAs (z. B. XCKU-, XCZU-, XCVU-Serie) und ADSP-DSPs sind programmierbare Hochleistungsbausteine, die in Anwendungen wie Signalverarbeitung, Datenerfassung, Kommunikation, Industrieautomatisierung und fortschrittlicher Datenverarbeitung eingesetzt werden. Sie erm\u00f6glichen kundenspezifische Hardwarebeschleunigung, Parallelverarbeitung und flexibles Systemdesign.<\/p>\n\t\t<\/div>\n\t\t<\/div><\/div><\/div><\/div><div class=\"vc_row wpb_row vc_row-fluid vc_custom_1638891905007 vc_row-o-content-middle vc_row-flex wd-rs-61af817cd7ad1\"><div class=\"wpb_column vc_column_container vc_col-sm-6 wd-rs-60f82b0478de2\"><div class=\"vc_column-inner vc_custom_1626876678433\"><div class=\"wpb_wrapper\">\t\t<div id=\"wd-693919cff3458\" class=\"wd-image wd-wpb wd-rs-693919cff3458 text-left vc_custom_1765349873245\">\n\t\t\t\n\t\t\t<img loading=\"lazy\" decoding=\"async\" width=\"700\" height=\"325\" src=\"https:\/\/www.lxbchip.com\/wp-content\/uploads\/2025\/12\/work-1.jpg\" class=\"attachment-700x325 size-700x325\" alt=\"\" srcset=\"https:\/\/www.lxbchip.com\/wp-content\/uploads\/2025\/12\/work-1.jpg 700w, https:\/\/www.lxbchip.com\/wp-content\/uploads\/2025\/12\/work-1-150x70.jpg 150w, https:\/\/www.lxbchip.com\/wp-content\/uploads\/2025\/12\/work-1-300x139.jpg 300w, https:\/\/www.lxbchip.com\/wp-content\/uploads\/2025\/12\/work-1-18x8.jpg 18w\" sizes=\"auto, (max-width: 700px) 100vw, 700px\" \/>\n\t\t\t\t\t<\/div>\n\t\t<\/div><\/div><\/div><div class=\"wpb_column vc_column_container vc_col-sm-6 text-center wd-rs-69391a169df6b\"><div class=\"vc_column-inner\"><div class=\"wpb_wrapper\">\n\t\t<div id=\"wd-693972739e209\" class=\"title-wrapper wd-wpb wd-set-mb reset-last-child  wd-rs-693972739e209 wd-title-color-primary wd-title-style-default text-center vc_custom_1765372543861 wd-width-enabled wd-underline-colored\" style=\"--wd-max-width: 90%;\">\n\t\t\t\n\t\t\t<div class=\"liner-continer\">\n\t\t\t\t<h4 class=\"woodmart-title-container title  wd-font-weight- wd-fontsize-xxxl\" >Zuverl\u00e4ssiger Lieferant von High-End-Komponenten<\/h4>\n\t\t\t\t\t\t\t<\/div>\n\t\t\t\n\t\t\t\t\t\t\t<div class=\"title-after_title reset-last-child  wd-fontsize-s\">Wir bieten echte, r\u00fcckverfolgbare elektronische Komponenten von weltweit f\u00fchrenden Marken an, die durch eine klare Beschaffung, st\u00e4ndige Lieferung und zuverl\u00e4ssigen Service unterst\u00fctzt werden. Kontaktieren Sie uns jederzeit f\u00fcr ein schnelles, zuverl\u00e4ssiges Angebot.<\/div>\n\t\t\t\n\t\t\t\n\t\t<\/div>\n\t\t\n\t\t<div class=\"vc_row wpb_row vc_inner vc_row-fluid\"><div class=\"wpb_column vc_column_container vc_col-sm-6\"><div class=\"vc_column-inner\"><div class=\"wpb_wrapper\"><div id=\"wd-69397507a7df1\" class=\"wd-rs-69397507a7df1 vc_custom_1765373196548 wd-button-wrapper text-right\"><a href=\"https:\/\/www.lxbchip.com\/de\/contact-us\/\" title=\"\" class=\"btn btn-style-bordered btn-shape-rectangle btn-size-default\">Jetzt Angebot anfordern<\/a><\/div><\/div><\/div><\/div><div class=\"wpb_column vc_column_container vc_col-sm-6\"><div class=\"vc_column-inner\"><div class=\"wpb_wrapper\"><div id=\"wd-693974b72514c\" class=\"wd-rs-693974b72514c  wd-button-wrapper text-left\"><a href=\"https:\/\/www.lxbchip.com\/de\/company-overview\/\" title=\"\" class=\"btn btn-style-bordered btn-shape-rectangle btn-size-default\">\u00dcber LXB Semicon<\/a><\/div><\/div><\/div><\/div><\/div><\/div><\/div><\/div><\/div>\n<\/div>","protected":false},"excerpt":{"rendered":"What We Supply We supply a full range of electronic components, including ICs, MCUs, FPGAs, ASICs, diodes, transistors, MOSFETs, power-management","protected":false},"author":1,"featured_media":0,"parent":0,"menu_order":0,"comment_status":"closed","ping_status":"closed","template":"","meta":{"_acf_changed":false,"footnotes":""},"class_list":["post-7982","page","type-page","status-publish","hentry"],"acf":[],"aioseo_notices":[],"_links":{"self":[{"href":"https:\/\/www.lxbchip.com\/de\/wp-json\/wp\/v2\/pages\/7982","targetHints":{"allow":["GET"]}}],"collection":[{"href":"https:\/\/www.lxbchip.com\/de\/wp-json\/wp\/v2\/pages"}],"about":[{"href":"https:\/\/www.lxbchip.com\/de\/wp-json\/wp\/v2\/types\/page"}],"author":[{"embeddable":true,"href":"https:\/\/www.lxbchip.com\/de\/wp-json\/wp\/v2\/users\/1"}],"replies":[{"embeddable":true,"href":"https:\/\/www.lxbchip.com\/de\/wp-json\/wp\/v2\/comments?post=7982"}],"version-history":[{"count":56,"href":"https:\/\/www.lxbchip.com\/de\/wp-json\/wp\/v2\/pages\/7982\/revisions"}],"predecessor-version":[{"id":8821,"href":"https:\/\/www.lxbchip.com\/de\/wp-json\/wp\/v2\/pages\/7982\/revisions\/8821"}],"wp:attachment":[{"href":"https:\/\/www.lxbchip.com\/de\/wp-json\/wp\/v2\/media?parent=7982"}],"curies":[{"name":"wp","href":"https:\/\/api.w.org\/{rel}","templated":true}]}}