{"id":10260,"date":"2026-01-15T14:53:08","date_gmt":"2026-01-15T06:53:08","guid":{"rendered":"https:\/\/www.lxbchip.com\/?page_id=10260"},"modified":"2026-04-09T01:40:41","modified_gmt":"2026-04-08T17:40:41","slug":"ftdi","status":"publish","type":"page","link":"https:\/\/www.lxbchip.com\/de\/manufacturers\/ftdi\/","title":{"rendered":"FTDI"},"content":{"rendered":"<div class=\"wpb-content-wrapper\"><div class=\"vc_row wpb_row vc_row-fluid vc_custom_1768800104178 wd-rs-696dbf566a791\"><div class=\"wpb_column vc_column_container vc_col-sm-12\"><div class=\"vc_column-inner\"><div class=\"wpb_wrapper\">\n\t\t<div id=\"wd-696dce96c034c\" class=\"title-wrapper wd-wpb wd-set-mb reset-last-child  wd-rs-696dce96c034c wd-title-color-default wd-title-style-default text-left  wd-underline-colored\">\n\t\t\t\n\t\t\t<div class=\"liner-continer\">\n\t\t\t\t<h2 class=\"woodmart-title-container title  wd-font-weight- wd-fontsize-xl\" >FTDI \u2013 USB &amp; Serial Connectivity ICs<\/h2>\n\t\t\t\t\t\t\t<\/div>\n\t\t\t\n\t\t\t\t\t\t\t<div class=\"title-after_title reset-last-child  wd-fontsize-s\">LXB Semicon vertreibt die hochzuverl\u00e4ssigen USB- und seriellen Schnittstellenl\u00f6sungen von FTDI f\u00fcr Industrie-, Embedded- und Automotive-Anwendungen. Nur Original-Markenbeschaffung - r\u00fcckverfolgbare, konforme und nicht handels\u00fcbliche Distribution.<\/div>\n\t\t\t\n\t\t\t\n\t\t<\/div>\n\t\t\n\t\t<\/div><\/div><\/div><\/div>\n<p>&nbsp;<\/p>\n<table width=\"2391\">\n<tbody>\n<tr>\n<td width=\"123\">Herstellerteil<\/td>\n<td width=\"85\">Datenblatt<\/td>\n<td width=\"113\">Hersteller<\/td>\n<td width=\"198\">Typ<\/td>\n<td width=\"85\">Schnittstelle<\/td>\n<td width=\"189\">Datenrate<\/td>\n<td width=\"161\">Betriebsspannung<\/td>\n<td width=\"161\">Temperaturbereich<\/td>\n<td width=\"113\">Paket Typ<\/td>\n<td width=\"161\">Stromverbrauch<\/td>\n<td width=\"161\">Betriebsstrom<\/td>\n<td width=\"113\">Geh\u00e4use Stifte<\/td>\n<td width=\"113\">USB-Protokoll<\/td>\n<td width=\"104\">E\/A-Spannung<\/td>\n<td width=\"227\">Daten Pins<\/td>\n<td width=\"180\">USB zu seriellen Anschl\u00fcssen<\/td>\n<td width=\"104\">Taktgeschwindigkeit<\/td>\n<\/tr>\n<tr>\n<td><\/td>\n<td><\/td>\n<td><\/td>\n<td><\/td>\n<td><\/td>\n<td><\/td>\n<td><\/td>\n<td><\/td>\n<td><\/td>\n<td><\/td>\n<td><\/td>\n<td><\/td>\n<td><\/td>\n<td><\/td>\n<td><\/td>\n<td><\/td>\n<td><\/td>\n<\/tr>\n<tr>\n<td>FT4232HL-Spule<\/td>\n<td><\/td>\n<td>FTDI<\/td>\n<td>USB-zu-UART-Br\u00fccken-IC<\/td>\n<td>USB 2.0<\/td>\n<td>12 Mbps (Hochgeschwindigkeit)<\/td>\n<td>3,3V \/ 5V<\/td>\n<td>-40\u00b0C bis 85\u00b0C<\/td>\n<td>QFN-32<\/td>\n<td>150 mA (maximal)<\/td>\n<td>150 mA (maximal)<\/td>\n<td>32<\/td>\n<td>USB 2.0<\/td>\n<td>3,3V \/ 5V<\/td>\n<td>4 (UART, FTDI-Schnittstelle)<\/td>\n<td>4<\/td>\n<td>12 MHz<\/td>\n<\/tr>\n<tr>\n<td>FT234XD-R<\/td>\n<td><\/td>\n<td>FTDI<\/td>\n<td>USB-zu-UART-Br\u00fccken-IC<\/td>\n<td>USB 2.0<\/td>\n<td>12 Mbps (Hochgeschwindigkeit)<\/td>\n<td>3,3V \/ 5V<\/td>\n<td>-40\u00b0C bis 85\u00b0C<\/td>\n<td>QFN-32<\/td>\n<td>50 mA (typisch)<\/td>\n<td>50 mA (typisch)<\/td>\n<td>32<\/td>\n<td>USB 2.0<\/td>\n<td>3,3V \/ 5V<\/td>\n<td>4 (UART, FTDI-Schnittstelle)<\/td>\n<td>4<\/td>\n<td>12 MHz<\/td>\n<\/tr>\n<tr>\n<td>FT232RL<\/td>\n<td><\/td>\n<td>FTDI<\/td>\n<td>USB-zu-UART-Br\u00fccken-IC<\/td>\n<td>USB 2.0<\/td>\n<td>12 Mbps (Hochgeschwindigkeit)<\/td>\n<td>3,3V \/ 5V<\/td>\n<td>-40\u00b0C bis 85\u00b0C<\/td>\n<td>VQFN-28<\/td>\n<td>50 mA (typisch)<\/td>\n<td>50 mA (typisch)<\/td>\n<td>28<\/td>\n<td>USB 2.0<\/td>\n<td>3,3V \/ 5V<\/td>\n<td>4 (UART, FTDI-Schnittstelle)<\/td>\n<td>1<\/td>\n<td>12 MHz<\/td>\n<\/tr>\n<\/tbody>\n<\/table>\n<\/div>","protected":false},"excerpt":{"rendered":"<p>&nbsp; Mfr Part Datasheet Manufacturer Type Interface Data Rate Operating Voltage Temperature Range Package Type Power Consumption Operating Current Package<\/p>","protected":false},"author":1,"featured_media":0,"parent":388,"menu_order":0,"comment_status":"closed","ping_status":"closed","template":"","meta":{"_acf_changed":false,"footnotes":""},"class_list":["post-10260","page","type-page","status-publish","hentry"],"acf":[],"aioseo_notices":[],"_links":{"self":[{"href":"https:\/\/www.lxbchip.com\/de\/wp-json\/wp\/v2\/pages\/10260","targetHints":{"allow":["GET"]}}],"collection":[{"href":"https:\/\/www.lxbchip.com\/de\/wp-json\/wp\/v2\/pages"}],"about":[{"href":"https:\/\/www.lxbchip.com\/de\/wp-json\/wp\/v2\/types\/page"}],"author":[{"embeddable":true,"href":"https:\/\/www.lxbchip.com\/de\/wp-json\/wp\/v2\/users\/1"}],"replies":[{"embeddable":true,"href":"https:\/\/www.lxbchip.com\/de\/wp-json\/wp\/v2\/comments?post=10260"}],"version-history":[{"count":0,"href":"https:\/\/www.lxbchip.com\/de\/wp-json\/wp\/v2\/pages\/10260\/revisions"}],"up":[{"embeddable":true,"href":"https:\/\/www.lxbchip.com\/de\/wp-json\/wp\/v2\/pages\/388"}],"wp:attachment":[{"href":"https:\/\/www.lxbchip.com\/de\/wp-json\/wp\/v2\/media?parent=10260"}],"curies":[{"name":"wp","href":"https:\/\/api.w.org\/{rel}","templated":true}]}}